{"id":55,"date":"2016-06-13T15:48:45","date_gmt":"2016-06-13T15:48:45","guid":{"rendered":"http:\/\/sw-themes.com\/porto_dummy\/?page_id=55"},"modified":"2022-09-06T01:21:00","modified_gmt":"2022-09-05T22:21:00","slug":"about-us","status":"publish","type":"page","link":"https:\/\/alanyawallstore.com\/en\/about-us\/","title":{"rendered":"about us"},"content":{"rendered":"<div data-elementor-type=\"wp-post\" data-elementor-id=\"55\" class=\"elementor elementor-55\">\n\t\t\t\t\t\t\t\t\t<section class=\"elementor-section elementor-top-section elementor-element elementor-element-971859a mb-4 elementor-section-boxed elementor-section-height-default elementor-section-height-default\" data-id=\"971859a\" data-element_type=\"section\" data-settings=\"{&quot;background_background&quot;:&quot;classic&quot;}\">\r\n\t\t\t\r\n\t\t\t\t\t\t\t\t\t<div class=\"elementor-container elementor-column-gap-default\">\r\n\t\t\t\t\t\t\t\t\t\t\t<div class=\"elementor-column elementor-col-50 elementor-top-column elementor-element elementor-element-39529a4 elementor-invisible\" data-id=\"39529a4\" data-element_type=\"column\" data-settings=\"{&quot;animation&quot;:&quot;fadeInLeft&quot;,&quot;animation_delay&quot;:&quot;800&quot;}\">\r\n\r\n\t\t\t\t\t<div class=\"elementor-widget-wrap elementor-element-populated\">\r\n\t\t\t\t\t\t\t\t<div class=\"elementor-element elementor-element-e0c6d8b elementor-widget elementor-widget-porto_info_box\" data-id=\"e0c6d8b\" data-element_type=\"widget\" data-widget_type=\"porto_info_box.default\">\n\t\t\t\t<div class=\"elementor-widget-container\">\n\t\t\t<div class=\"porto-sicon-box style_1 left-icon\"><div class=\"porto-sicon-body\"><div class=\"porto-sicon-header\"><h3 class=\"porto-sicon-title\" style=\"\">Our Mission<\/h3><\/div> <!-- header --><div class=\"porto-sicon-description\" style=\"\" ><p>\u201cTo be the most admired and preferred brand in the sector by creating high quality, innovative and different products, by bringing the wallpaper culture together with consumers all over the world as well as in Turkey, and offering environments where customers will feel good and use it with pleasure.\u201d<\/p><\/div> <!-- description --><\/div><\/div><!-- porto-sicon-box -->\t\t<\/div>\n\t\t\t\t<\/div>\n\t\t\t\t\t<\/div>\r\n\t\t\t\t<\/div>\r\n\t\t\t\t<div class=\"elementor-column elementor-col-50 elementor-top-column elementor-element elementor-element-76894c1 elementor-invisible\" data-id=\"76894c1\" data-element_type=\"column\" data-settings=\"{&quot;animation&quot;:&quot;fadeIn&quot;,&quot;animation_delay&quot;:&quot;600&quot;}\">\r\n\r\n\t\t\t\t\t<div class=\"elementor-widget-wrap elementor-element-populated\">\r\n\t\t\t\t\t\t\t\t<div class=\"elementor-element elementor-element-800af04 elementor-widget elementor-widget-porto_info_box\" data-id=\"800af04\" data-element_type=\"widget\" data-widget_type=\"porto_info_box.default\">\n\t\t\t\t<div class=\"elementor-widget-container\">\n\t\t\t<div class=\"porto-sicon-box style_1 left-icon\"><div class=\"porto-sicon-body\"><div class=\"porto-sicon-header\"><h3 class=\"porto-sicon-title\" style=\"\">our vision<\/h3><\/div> <!-- header --><div class=\"porto-sicon-description\" style=\"\" ><p>\u201cTo provide permanent advantages by creating differences and to be the most value-added and preferred wallpaper company in the Mediterranean region.\u201d<\/p><\/div> <!-- description --><\/div><\/div><!-- porto-sicon-box -->\t\t<\/div>\n\t\t\t\t<\/div>\n\t\t\t\t\t<\/div>\r\n\t\t\t\t<\/div>\r\n\t\t\t\t\t\t<\/div>\r\n\t\t\t\t<\/section>\r\n\t\t\t\t\t\t\t<\/div>","protected":false},"excerpt":{"rendered":"<p>Misyonumuz \u201cKaliteli, yenilik\u00e7i ve farkl\u0131 \u00fcr\u00fcnler yaratan, Duvar ka\u011f\u0131d\u0131 k\u00fclt\u00fcr\u00fcn\u00fc T\u00fcrkiye&#8217;nin yan\u0131 s\u0131ra t\u00fcm d\u00fcnyada t\u00fcketicilerle bulu\u015fturup, m\u00fc\u015fterilerin kendilerini iyi hissedece\u011fi ve keyifle kullanaca\u011f\u0131 ortamlar sunarak sekt\u00f6r\u00fcnde en be\u011fenilen ve tercih edilen marka olmak.\u201d Vizyonumuz \u201cFarkl\u0131l\u0131klar yaratarak kal\u0131c\u0131 \u00fcst\u00fcnl\u00fckler sa\u011flamak ve akdeniz b\u00f6lgesinde en \u00e7ok de\u011fer katan ve tercih edilen duvar ka\u011f\u0131d\u0131 firmas\u0131 olmak.\u201d<\/p>","protected":false},"author":1,"featured_media":0,"parent":0,"menu_order":0,"comment_status":"closed","ping_status":"closed","template":"","meta":{"footnotes":""},"class_list":["post-55","page","type-page","status-publish","hentry"],"_links":{"self":[{"href":"https:\/\/alanyawallstore.com\/en\/wp-json\/wp\/v2\/pages\/55","targetHints":{"allow":["GET"]}}],"collection":[{"href":"https:\/\/alanyawallstore.com\/en\/wp-json\/wp\/v2\/pages"}],"about":[{"href":"https:\/\/alanyawallstore.com\/en\/wp-json\/wp\/v2\/types\/page"}],"author":[{"embeddable":true,"href":"https:\/\/alanyawallstore.com\/en\/wp-json\/wp\/v2\/users\/1"}],"replies":[{"embeddable":true,"href":"https:\/\/alanyawallstore.com\/en\/wp-json\/wp\/v2\/comments?post=55"}],"version-history":[{"count":4,"href":"https:\/\/alanyawallstore.com\/en\/wp-json\/wp\/v2\/pages\/55\/revisions"}],"predecessor-version":[{"id":3573,"href":"https:\/\/alanyawallstore.com\/en\/wp-json\/wp\/v2\/pages\/55\/revisions\/3573"}],"wp:attachment":[{"href":"https:\/\/alanyawallstore.com\/en\/wp-json\/wp\/v2\/media?parent=55"}],"curies":[{"name":"wp","href":"https:\/\/api.w.org\/{rel}","templated":true}]}}