{"id":1306,"date":"2018-11-16T12:59:53","date_gmt":"2018-11-16T12:59:53","guid":{"rendered":"http:\/\/sw-themes.com\/porto_dummy\/elementor\/classic-original\/?page_id=1306"},"modified":"2018-11-16T12:59:53","modified_gmt":"2018-11-16T12:59:53","slug":"large-image-sidebar-right","status":"publish","type":"page","link":"https:\/\/alanyawallstore.com\/de\/blog\/large-image-sidebar-right\/","title":{"rendered":"Large Image Sidebar Right"},"content":{"rendered":"<div data-elementor-type=\"wp-post\" data-elementor-id=\"1306\" class=\"elementor elementor-1306\">\n\t\t\t\t\t\t\t\t\t<section class=\"elementor-section elementor-top-section elementor-element elementor-element-8098d4b m-b-lg elementor-section-boxed elementor-section-height-default elementor-section-height-default\" data-id=\"8098d4b\" data-element_type=\"section\">\r\n\t\t\t\r\n\t\t\t\t\t\t\t\t\t<div class=\"elementor-container elementor-column-gap-no\">\r\n\t\t\t\t\t\t\t\t\t\t\t<div class=\"elementor-column elementor-col-100 elementor-top-column elementor-element elementor-element-bbeee74\" data-id=\"bbeee74\" data-element_type=\"column\">\r\n\r\n\t\t\t\t\t<div class=\"elementor-widget-wrap elementor-element-populated\">\r\n\t\t\t\t\t\t\t\t<div class=\"elementor-element elementor-element-dc5dc3c elementor-widget elementor-widget-porto_blog\" data-id=\"dc5dc3c\" data-element_type=\"widget\" data-widget_type=\"porto_blog.default\">\n\t\t\t\t<div class=\"elementor-widget-container\">\n\t\t\t<div id=\"porto-blog-9889\" class=\"porto-blog wpb_content_element\">\n\t\t<div class=\"blog-posts posts-large\">\n\n\t\t<article class=\"post post-large post-11 post type-post status-publish format-audio has-post-thumbnail hentry category-buying category-clothes category-markup tag-chat tag-css tag-fun post_format-post-format-audio\">\n\t\t<div class=\"post-image single\">\n\t\t<div class=\"img-thumbnail fit-video\">\n\t\t\t<iframe height=\"166\" scrolling=\"no\" frameborder=\"no\" src=\"https:\/\/w.soundcloud.com\/player\/?url=https%3A\/\/api.soundcloud.com\/tracks\/193781466&color=ff5500&auto_play=false&hide_related=false&show_artwork=true\"><\/iframe>\t\t<\/div>\n\t\t\n\t\t\t<\/div>\n\n\t\t\t<div class=\"post-date\">\n\t\t\t<span class=\"day\">04<\/span><span class=\"month\">Sep.<\/span><time datetime=\"2022-09-04\">4 September 2022<\/time>\t\t\t\t<div class=\"format audio\">\n\t\t\t\t\t\t\t\t\t\t<i class=\"fas fa-music\"><\/i>\n\t\t\t\t<\/div>\n\t\t\t\t\t\t<\/div>\n\t\n\t<!-- Post meta before content -->\n\t\n\n\t<div class=\"post-content\">\n\t\t\t\t<h2 class=\"entry-title\"><a href=\"https:\/\/alanyawallstore.com\/de\/2022\/09\/04\/deleniti-nam-porro-quisquam-ab-temporibus\/\">This is a standard audio embedded post<\/a><\/h2>\n\t\t<span class=\"vcard\" style=\"display: none;\"><span class=\"fn\"><a href=\"https:\/\/alanyawallstore.com\/de\/author\/mubin1156\/\" title=\"Beitr\u00e4ge von mubin1156\" rel=\"author\">mubin1156<\/a><\/span><\/span><span class=\"updated\" style=\"display:none\">2022-09-04T19:19:52+03:00<\/span><p class=\"post-excerpt\">Quisque elementum nibh at dolor pellentesque, a eleifend libero pharetra. Mauris neque felis, volutpat nec ullamcorper eget, sagittis vel enim. Nam sit amet ante egestas, gravida tellus vitae, semper eros. Nullam mattis mi at metus egestas, in porttitor lectus sodales. Lorem ipsum dolor sit amet, consectetur adipisicing elit. Voluptate laborum vero voluptatum.\n\nLorem quasi aliquid...<\/p>\t<\/div>\n\t<!-- Post meta after content -->\n\t<div class=\"post-meta\"><span class=\"meta-author\"><i class=\"far fa-user\"><\/i>By <a href=\"https:\/\/alanyawallstore.com\/de\/author\/mubin1156\/\" title=\"Beitr\u00e4ge von mubin1156\" rel=\"author\">mubin1156<\/a><\/span><span class=\"meta-cats\"><i class=\"far fa-folder\"><\/i><a href=\"https:\/\/alanyawallstore.com\/de\/category\/buying\/\" rel=\"category tag\">Buying<\/a>, <a href=\"https:\/\/alanyawallstore.com\/de\/category\/buying\/clothes\/\" rel=\"category tag\">Clothes<\/a>, <a href=\"https:\/\/alanyawallstore.com\/de\/category\/markup\/\" rel=\"category tag\">Markup<\/a><\/span><span class=\"meta-tags\"><i class=\"far fa-envelope\"><\/i><a href=\"https:\/\/alanyawallstore.com\/de\/tag\/chat\/\" rel=\"tag\">Chat<\/a>, <a href=\"https:\/\/alanyawallstore.com\/de\/tag\/css\/\" rel=\"tag\">Css<\/a>, <a href=\"https:\/\/alanyawallstore.com\/de\/tag\/fun\/\" rel=\"tag\">Fun<\/a><\/span><span class=\"meta-comments\"><i class=\"far fa-comments\"><\/i><a href=\"https:\/\/alanyawallstore.com\/de\/2022\/09\/04\/deleniti-nam-porro-quisquam-ab-temporibus\/#comments\" title=\"Comment on This is a standard audio embedded post\">2 Comments<\/a><\/span><span class=\"d-block float-sm-end mt-3 mt-sm-0\"><a class=\"btn btn-xs btn-default text-xs text-uppercase\" href=\"https:\/\/alanyawallstore.com\/de\/2022\/09\/04\/deleniti-nam-porro-quisquam-ab-temporibus\/\">Read more...<\/a><\/span><\/div>\n<\/article>\n<article class=\"post post-large post-1 post type-post status-publish format-standard hentry category-genel\">\n\t\n\t\t\t<div class=\"post-date\">\n\t\t\t<span class=\"day\">04<\/span><span class=\"month\">Juni<\/span><time datetime=\"2022-06-04\">4 Juni 2022<\/time>\t\t<\/div>\n\t\n\t<!-- Post meta before content -->\n\t\n\n\t<div class=\"post-content\">\n\t\t\t\t<h2 class=\"entry-title\"><a href=\"https:\/\/alanyawallstore.com\/de\/2022\/06\/04\/merhaba-dunya\/\">Merhaba d\u00fcnya!<\/a><\/h2>\n\t\t<span class=\"vcard\" style=\"display: none;\"><span class=\"fn\"><a href=\"https:\/\/alanyawallstore.com\/de\/author\/mubin1156\/\" title=\"Beitr\u00e4ge von mubin1156\" rel=\"author\">mubin1156<\/a><\/span><\/span><span class=\"updated\" style=\"display:none\">2022-06-04T20:46:53+03:00<\/span><p class=\"post-excerpt\">\nWordPress&#8217;e ho\u015f geldiniz. Bu sizin ilk yaz\u0131n\u0131z. Bu yaz\u0131y\u0131 d\u00fczenleyin ya da silin. Sonra yazmaya ba\u015flay\u0131n!\n<\/p>\t<\/div>\n\t<!-- Post meta after content -->\n\t<div class=\"post-meta\"><span class=\"meta-author\"><i class=\"far fa-user\"><\/i>By <a href=\"https:\/\/alanyawallstore.com\/de\/author\/mubin1156\/\" title=\"Beitr\u00e4ge von mubin1156\" rel=\"author\">mubin1156<\/a><\/span><span class=\"meta-cats\"><i class=\"far fa-folder\"><\/i><a href=\"https:\/\/alanyawallstore.com\/de\/category\/genel\/\" rel=\"category tag\">Genel<\/a><\/span><span class=\"meta-comments\"><i class=\"far fa-comments\"><\/i><a href=\"https:\/\/alanyawallstore.com\/de\/2022\/06\/04\/merhaba-dunya\/#comments\" title=\"Comment on Merhaba d\u00fcnya!\">1 Comment<\/a><\/span><span class=\"d-block float-sm-end mt-3 mt-sm-0\"><a class=\"btn btn-xs btn-default text-xs text-uppercase\" href=\"https:\/\/alanyawallstore.com\/de\/2022\/06\/04\/merhaba-dunya\/\">Read more...<\/a><\/span><\/div>\n<\/article>\n<article class=\"post post-large post-19 post type-post status-publish format-standard has-post-thumbnail hentry category-articles category-asides tag-articles tag-chat\">\n\t\t<div class=\"post-image single\">\n\t\t<div class=\"post-slideshow porto-carousel owl-carousel nav-inside nav-inside-center nav-style-2 show-nav-hover has-ccols ccols-1\" data-plugin-options='{\"nav\":true}'>\n\t\t\t\t\t<\/div>\n\t\t\n\t\t\t<\/div>\n\n\t\t\t<div class=\"post-date\">\n\t\t\t<span class=\"day\">13<\/span><span class=\"month\">Juni<\/span><time datetime=\"2016-06-13\">13 Juni 2016<\/time>\t\t<\/div>\n\t\n\t<!-- Post meta before content -->\n\t\n\n\t<div class=\"post-content\">\n\t\t\t\t<h2 class=\"entry-title\"><a href=\"https:\/\/alanyawallstore.com\/de\/2016\/06\/13\/etiam-laoreet-sem-eget-eros-rhoncus-5\/\">This is a stardard post with preview image<\/a><\/h2>\n\t\t<span class=\"vcard\" style=\"display: none;\"><span class=\"fn\"><a href=\"https:\/\/alanyawallstore.com\/de\/author\/mubin1156\/\" title=\"Beitr\u00e4ge von mubin1156\" rel=\"author\">mubin1156<\/a><\/span><\/span><span class=\"updated\" style=\"display:none\">2016-06-13T12:20:29+03:00<\/span><p class=\"post-excerpt\">Quisque elementum nibh at dolor pellentesque, a eleifend libero pharetra. Mauris neque felis, volutpat nec ullamcorper eget, sagittis vel enim. Nam sit amet ante egestas, gravida tellus vitae, semper eros. Nullam mattis mi at metus egestas, in porttitor lectus sodales. Lorem ipsum dolor sit amet, consectetur adipisicing elit. Voluptate laborum vero voluptatum.\n\nLorem quasi aliquid...<\/p>\t<\/div>\n\t<!-- Post meta after content -->\n\t<div class=\"post-meta\"><span class=\"meta-author\"><i class=\"far fa-user\"><\/i>By <a href=\"https:\/\/alanyawallstore.com\/de\/author\/mubin1156\/\" title=\"Beitr\u00e4ge von mubin1156\" rel=\"author\">mubin1156<\/a><\/span><span class=\"meta-cats\"><i class=\"far fa-folder\"><\/i><a href=\"https:\/\/alanyawallstore.com\/de\/category\/articles\/\" rel=\"category tag\">Articles<\/a>, <a href=\"https:\/\/alanyawallstore.com\/de\/category\/articles\/asides\/\" rel=\"category tag\">Asides<\/a><\/span><span class=\"meta-tags\"><i class=\"far fa-envelope\"><\/i><a href=\"https:\/\/alanyawallstore.com\/de\/tag\/articles\/\" rel=\"tag\">Articles<\/a>, <a href=\"https:\/\/alanyawallstore.com\/de\/tag\/chat\/\" rel=\"tag\">Chat<\/a><\/span><span class=\"meta-comments\"><i class=\"far fa-comments\"><\/i><a href=\"https:\/\/alanyawallstore.com\/de\/2016\/06\/13\/etiam-laoreet-sem-eget-eros-rhoncus-5\/#comments\" title=\"Comment on This is a stardard post with preview image\">3 Comments<\/a><\/span><span class=\"d-block float-sm-end mt-3 mt-sm-0\"><a class=\"btn btn-xs btn-default text-xs text-uppercase\" href=\"https:\/\/alanyawallstore.com\/de\/2016\/06\/13\/etiam-laoreet-sem-eget-eros-rhoncus-5\/\">Read more...<\/a><\/span><\/div>\n<\/article>\n<article class=\"post post-large post-18 post type-post status-publish format-standard has-post-thumbnail hentry category-markup category-media tag-gallery tag-pictures\">\n\t\t<div class=\"post-image single\">\n\t\t<div class=\"post-slideshow porto-carousel owl-carousel nav-inside nav-inside-center nav-style-2 show-nav-hover has-ccols ccols-1\" data-plugin-options='{\"nav\":true}'>\n\t\t\t\t\t<\/div>\n\t\t\n\t\t\t<\/div>\n\n\t\t\t<div class=\"post-date\">\n\t\t\t<span class=\"day\">13<\/span><span class=\"month\">Juni<\/span><time datetime=\"2016-06-13\">13 Juni 2016<\/time>\t\t<\/div>\n\t\n\t<!-- Post meta before content -->\n\t\n\n\t<div class=\"post-content\">\n\t\t\t\t<h2 class=\"entry-title\"><a href=\"https:\/\/alanyawallstore.com\/de\/2016\/06\/13\/aliquam-erat-volutpat-2\/\">This is a stardard slider gallery post<\/a><\/h2>\n\t\t<span class=\"vcard\" style=\"display: none;\"><span class=\"fn\"><a href=\"https:\/\/alanyawallstore.com\/de\/author\/mubin1156\/\" title=\"Beitr\u00e4ge von mubin1156\" rel=\"author\">mubin1156<\/a><\/span><\/span><span class=\"updated\" style=\"display:none\">2016-06-13T12:19:27+03:00<\/span><p class=\"post-excerpt\">Quisque elementum nibh at dolor pellentesque, a eleifend libero pharetra. Mauris neque felis, volutpat nec ullamcorper eget, sagittis vel enim. Nam sit amet ante egestas, gravida tellus vitae, semper eros. Nullam mattis mi at metus egestas, in porttitor lectus sodales. Lorem ipsum dolor sit amet, consectetur adipisicing elit. Voluptate laborum vero voluptatum.\n\nLorem quasi aliquid...<\/p>\t<\/div>\n\t<!-- Post meta after content -->\n\t<div class=\"post-meta\"><span class=\"meta-author\"><i class=\"far fa-user\"><\/i>By <a href=\"https:\/\/alanyawallstore.com\/de\/author\/mubin1156\/\" title=\"Beitr\u00e4ge von mubin1156\" rel=\"author\">mubin1156<\/a><\/span><span class=\"meta-cats\"><i class=\"far fa-folder\"><\/i><a href=\"https:\/\/alanyawallstore.com\/de\/category\/markup\/\" rel=\"category tag\">Markup<\/a>, <a href=\"https:\/\/alanyawallstore.com\/de\/category\/markup\/media\/\" rel=\"category tag\">Media<\/a><\/span><span class=\"meta-tags\"><i class=\"far fa-envelope\"><\/i><a href=\"https:\/\/alanyawallstore.com\/de\/tag\/gallery\/\" rel=\"tag\">Gallery<\/a>, <a href=\"https:\/\/alanyawallstore.com\/de\/tag\/pictures\/\" rel=\"tag\">Pictures<\/a><\/span><span class=\"meta-comments\"><i class=\"far fa-comments\"><\/i><a href=\"https:\/\/alanyawallstore.com\/de\/2016\/06\/13\/aliquam-erat-volutpat-2\/#comments\" title=\"Comment on This is a stardard slider gallery post\">3 Comments<\/a><\/span><span class=\"d-block float-sm-end mt-3 mt-sm-0\"><a class=\"btn btn-xs btn-default text-xs text-uppercase\" href=\"https:\/\/alanyawallstore.com\/de\/2016\/06\/13\/aliquam-erat-volutpat-2\/\">Read more...<\/a><\/span><\/div>\n<\/article>\n<article class=\"post post-large post-15 post type-post status-publish format-gallery has-post-thumbnail hentry category-buying category-clothes category-markup tag-content tag-css post_format-post-format-gallery\">\n\t\t<div class=\"post-image mb-4 single\">\n\t\t<div class=\"row mx-0 lightbox\" data-plugin-options='{\"delegate\":\"a\",\"type\":\"image\",\"gallery\":{\"enabled\":true},\"mainClass\":\"mfp-with-zoom\",\"zoom\":{\"enabled\":true,\"duration\":300}}'>\n\t\t\t\t\t\t\t<div class=\"col-6 col-md-4 p-0\">\n\t\t\t\t\t<a href=\"\">\n\t\t\t\t\t\t<span class=\"thumb-info thumb-info-no-borders thumb-info-centered-icons\">\n\t\t\t\t\t\t\t<span class=\"thumb-info-wrapper\">\n\t\t\t\t\t\t\t\t<img decoding=\"async\" class=\"img-responsive\" width=\"\" height=\"\" src=\"\" alt=\"\" \/>\n\t\t\t\t\t\t\t\t<span class=\"thumb-info-action\">\n\t\t\t\t\t\t\t\t\t<span class=\"thumb-info-action-icon thumb-info-action-icon-light\" data-src=\"\" data-title=\"\"><i class=\"fas fa-plus text-dark\"><\/i><\/span>\n\t\t\t\t\t\t\t\t<\/span>\n\t\t\t\t\t\t\t<\/span>\n\t\t\t\t\t\t<\/span>\n\t\t\t\t\t<\/a>\n\t\t\t\t<\/div>\n\t\t\t\t\t<\/div>\n\n\t\t\n\t\t\t<\/div>\n\n\t\t\t<div class=\"post-date\">\n\t\t\t<span class=\"day\">11<\/span><span class=\"month\">Juni<\/span><time datetime=\"2016-06-11\">11 Juni 2016<\/time>\t\t\t\t<div class=\"format gallery\">\n\t\t\t\t\t\t\t\t\t\t<i class=\"fas fa-camera-retro\"><\/i>\n\t\t\t\t<\/div>\n\t\t\t\t\t\t<\/div>\n\t\n\t<!-- Post meta before content -->\n\t\n\n\t<div class=\"post-content\">\n\t\t\t\t<h2 class=\"entry-title\"><a href=\"https:\/\/alanyawallstore.com\/de\/2016\/06\/11\/sed-elementum-massa-volutpat-2\/\">This is a standard image gallery thumbs post<\/a><\/h2>\n\t\t<span class=\"vcard\" style=\"display: none;\"><span class=\"fn\"><a href=\"https:\/\/alanyawallstore.com\/de\/author\/mubin1156\/\" title=\"Beitr\u00e4ge von mubin1156\" rel=\"author\">mubin1156<\/a><\/span><\/span><span class=\"updated\" style=\"display:none\">2016-06-11T10:03:13+03:00<\/span><p class=\"post-excerpt\">Quisque elementum nibh at dolor pellentesque, a eleifend libero pharetra. Mauris neque felis, volutpat nec ullamcorper eget, sagittis vel enim. Nam sit amet ante egestas, gravida tellus vitae, semper eros. Nullam mattis mi at metus egestas, in porttitor lectus sodales. Lorem ipsum dolor sit amet, consectetur adipisicing elit. Voluptate laborum vero voluptatum.\n\nLorem quasi aliquid...<\/p>\t<\/div>\n\t<!-- Post meta after content -->\n\t<div class=\"post-meta\"><span class=\"meta-author\"><i class=\"far fa-user\"><\/i>By <a href=\"https:\/\/alanyawallstore.com\/de\/author\/mubin1156\/\" title=\"Beitr\u00e4ge von mubin1156\" rel=\"author\">mubin1156<\/a><\/span><span class=\"meta-cats\"><i class=\"far fa-folder\"><\/i><a href=\"https:\/\/alanyawallstore.com\/de\/category\/buying\/\" rel=\"category tag\">Buying<\/a>, <a href=\"https:\/\/alanyawallstore.com\/de\/category\/buying\/clothes\/\" rel=\"category tag\">Clothes<\/a>, <a href=\"https:\/\/alanyawallstore.com\/de\/category\/markup\/\" rel=\"category tag\">Markup<\/a><\/span><span class=\"meta-tags\"><i class=\"far fa-envelope\"><\/i><a href=\"https:\/\/alanyawallstore.com\/de\/tag\/content\/\" rel=\"tag\">Content<\/a>, <a href=\"https:\/\/alanyawallstore.com\/de\/tag\/css\/\" rel=\"tag\">Css<\/a><\/span><span class=\"meta-comments\"><i class=\"far fa-comments\"><\/i><a href=\"https:\/\/alanyawallstore.com\/de\/2016\/06\/11\/sed-elementum-massa-volutpat-2\/#comments\" title=\"Comment on This is a standard image gallery thumbs post\">2 Comments<\/a><\/span><span class=\"d-block float-sm-end mt-3 mt-sm-0\"><a class=\"btn btn-xs btn-default text-xs text-uppercase\" href=\"https:\/\/alanyawallstore.com\/de\/2016\/06\/11\/sed-elementum-massa-volutpat-2\/\">Read more...<\/a><\/span><\/div>\n<\/article>\n<article class=\"post post-large post-14 post type-post status-publish format-video has-post-thumbnail hentry category-markup category-media tag-articles tag-audio post_format-post-format-video\">\n\t\t<div class=\"post-image single\">\n\t\t<div class=\"img-thumbnail fit-video\">\n\t\t\t<iframe loading=\"lazy\" src=\"https:\/\/player.vimeo.com\/video\/45830194?color=ffffff&title=0&byline=0&portrait=0&badge=0\" frameborder=\"0\" width=\"640\" height=\"360\" allowfullscreen><\/iframe>\t\t<\/div>\n\t\t\n\t\t\t<\/div>\n\n\t\t\t<div class=\"post-date\">\n\t\t\t<span class=\"day\">10<\/span><span class=\"month\">Juni<\/span><time datetime=\"2016-06-10\">10 Juni 2016<\/time>\t\t\t\t<div class=\"format video\">\n\t\t\t\t\t\t\t\t\t\t<i class=\"fas fa-film\"><\/i>\n\t\t\t\t<\/div>\n\t\t\t\t\t\t<\/div>\n\t\n\t<!-- Post meta before content -->\n\t\n\n\t<div class=\"post-content\">\n\t\t\t\t<h2 class=\"entry-title\"><a href=\"https:\/\/alanyawallstore.com\/de\/2016\/06\/10\/etiam-laoreet-sem-eget-eros-rhoncus-2\/\">This is a standard embedded video post<\/a><\/h2>\n\t\t<span class=\"vcard\" style=\"display: none;\"><span class=\"fn\"><a href=\"https:\/\/alanyawallstore.com\/de\/author\/mubin1156\/\" title=\"Beitr\u00e4ge von mubin1156\" rel=\"author\">mubin1156<\/a><\/span><\/span><span class=\"updated\" style=\"display:none\">2016-06-10T09:20:19+03:00<\/span><p class=\"post-excerpt\">Quisque elementum nibh at dolor pellentesque, a eleifend libero pharetra. Mauris neque felis, volutpat nec ullamcorper eget, sagittis vel enim. Nam sit amet ante egestas, gravida tellus vitae, semper eros. Nullam mattis mi at metus egestas, in porttitor lectus sodales. Lorem ipsum dolor sit amet, consectetur adipisicing elit. Voluptate laborum vero voluptatum.\n\nLorem quasi aliquid...<\/p>\t<\/div>\n\t<!-- Post meta after content -->\n\t<div class=\"post-meta\"><span class=\"meta-author\"><i class=\"far fa-user\"><\/i>By <a href=\"https:\/\/alanyawallstore.com\/de\/author\/mubin1156\/\" title=\"Beitr\u00e4ge von mubin1156\" rel=\"author\">mubin1156<\/a><\/span><span class=\"meta-cats\"><i class=\"far fa-folder\"><\/i><a href=\"https:\/\/alanyawallstore.com\/de\/category\/markup\/\" rel=\"category tag\">Markup<\/a>, <a href=\"https:\/\/alanyawallstore.com\/de\/category\/markup\/media\/\" rel=\"category tag\">Media<\/a><\/span><span class=\"meta-tags\"><i class=\"far fa-envelope\"><\/i><a href=\"https:\/\/alanyawallstore.com\/de\/tag\/articles\/\" rel=\"tag\">Articles<\/a>, <a href=\"https:\/\/alanyawallstore.com\/de\/tag\/audio\/\" rel=\"tag\">Audio<\/a><\/span><span class=\"meta-comments\"><i class=\"far fa-comments\"><\/i><a href=\"https:\/\/alanyawallstore.com\/de\/2016\/06\/10\/etiam-laoreet-sem-eget-eros-rhoncus-2\/#comments\" title=\"Comment on This is a standard embedded video post\">2 Comments<\/a><\/span><span class=\"d-block float-sm-end mt-3 mt-sm-0\"><a class=\"btn btn-xs btn-default text-xs text-uppercase\" href=\"https:\/\/alanyawallstore.com\/de\/2016\/06\/10\/etiam-laoreet-sem-eget-eros-rhoncus-2\/\">Read more...<\/a><\/span><\/div>\n<\/article>\n\n\t\n\t\t<\/div>\n\n\t\n\t\t\t\t\t\t<div class=\"clearfix\"><\/div>\n\t\t\t<div class=\"pagination-wrap\">\n\t\t\t\t\t\t\t\t<div class=\"pagination\" role=\"navigation\">\n\t\t\t\t\t<span aria-current=\"page\" class=\"page-numbers current\">1<\/span><a class=\"page-numbers\" href=\"https:\/\/alanyawallstore.com\/de\/wp-json\/wp\/v2\/pages\/1306\/page\/2\/\">2<\/a><a class=\"next page-numbers\" href=\"https:\/\/alanyawallstore.com\/de\/wp-json\/wp\/v2\/pages\/1306\/page\/2\/\">Next&nbsp;&nbsp;<i class=\"fas fa-long-arrow-alt-right\"><\/i><\/a>\t\t\t\t<\/div>\n\t\t\t<\/div>\n\t\t\t\t\n\t<\/div>\t\t<\/div>\n\t\t\t\t<\/div>\n\t\t\t\t\t<\/div>\r\n\t\t\t\t<\/div>\r\n\t\t\t\t\t\t<\/div>\r\n\t\t\t\t<\/section>\r\n\t\t\t\t\t\t\t<\/div>","protected":false},"excerpt":{"rendered":"<p>13JunJune 13, 2016 This is a stardard post with preview image Joe Doe2020-03-09T06:50:38+00:00 Quisque elementum nibh at dolor pellentesque, a eleifend libero pharetra. Mauris neque felis, volutpat nec ullamcorper eget, sagittis vel enim. Nam sit amet ante egestas, gravida tellus vitae, semper eros. Nullam mattis mi at metus egestas, in porttitor lectus sodales. Lorem ipsum [&hellip;]<\/p>","protected":false},"author":1,"featured_media":0,"parent":144,"menu_order":0,"comment_status":"closed","ping_status":"closed","template":"","meta":{"footnotes":""},"class_list":["post-1306","page","type-page","status-publish","hentry"],"_links":{"self":[{"href":"https:\/\/alanyawallstore.com\/de\/wp-json\/wp\/v2\/pages\/1306","targetHints":{"allow":["GET"]}}],"collection":[{"href":"https:\/\/alanyawallstore.com\/de\/wp-json\/wp\/v2\/pages"}],"about":[{"href":"https:\/\/alanyawallstore.com\/de\/wp-json\/wp\/v2\/types\/page"}],"author":[{"embeddable":true,"href":"https:\/\/alanyawallstore.com\/de\/wp-json\/wp\/v2\/users\/1"}],"replies":[{"embeddable":true,"href":"https:\/\/alanyawallstore.com\/de\/wp-json\/wp\/v2\/comments?post=1306"}],"version-history":[{"count":0,"href":"https:\/\/alanyawallstore.com\/de\/wp-json\/wp\/v2\/pages\/1306\/revisions"}],"up":[{"embeddable":true,"href":"https:\/\/alanyawallstore.com\/de\/wp-json\/wp\/v2\/pages\/144"}],"wp:attachment":[{"href":"https:\/\/alanyawallstore.com\/de\/wp-json\/wp\/v2\/media?parent=1306"}],"curies":[{"name":"wp","href":"https:\/\/api.w.org\/{rel}","templated":true}]}}